{"id":6,"date":"2024-03-15T03:10:52","date_gmt":"2024-03-15T03:10:52","guid":{"rendered":"https:\/\/www.izmircesme.com.igbhome.com\/blog\/?page_id=6"},"modified":"2024-03-15T03:41:03","modified_gmt":"2024-03-15T03:41:03","slug":"izmir-cesme","status":"publish","type":"page","link":"https:\/\/www.izmircesme.com.igbhome.com\/blog\/?page_id=6","title":{"rendered":"Izmir Cesme"},"content":{"rendered":"\n<div class=\"wp-block-group alignfull has-global-padding is-layout-constrained wp-container-core-group-is-layout-2 wp-block-group-is-layout-constrained\" style=\"padding-top:var(--wp--preset--spacing--50);padding-right:var(--wp--preset--spacing--50);padding-bottom:var(--wp--preset--spacing--50);padding-left:var(--wp--preset--spacing--50)\">\n<div class=\"wp-block-group has-global-padding is-layout-constrained wp-container-core-group-is-layout-1 wp-block-group-is-layout-constrained\">\n<h1 class=\"wp-block-heading has-text-align-center has-x-large-font-size\">Welcome Cesme to real beauty of  Mediterranean blue<\/h1>\n\n\n\n<div style=\"height:1.25rem\" aria-hidden=\"true\" class=\"wp-block-spacer\"><\/div>\n\n\n\n<p class=\"has-text-align-center\"><a href=\"https:\/\/www.google.com\/search?gs_ssp=eJzj4tTP1TdISjKITzdg9OLNrMrNLFI4vDz16PzcVABvVwmh&amp;q=izmir+%C3%A7e%C5%9Fme&amp;rlz=1C1CHZN_enUS964US964&amp;oq=izmir+cesme&amp;gs_lcrp=EgZjaHJvbWUqBwgBEC4YgAQyBggAEEUYOTIHCAEQLhiABDIHCAIQABiABDIHCAMQABiABDIHCAQQABiABDIHCAUQABiABDIHCAYQLhiABDIHCAcQABiABDIHCAgQABiABNIBCTY4MzFqMWoxNagCALACAA&amp;sourceid=chrome&amp;ie=UTF-8\" data-type=\"link\" data-id=\"https:\/\/www.google.com\/search?gs_ssp=eJzj4tTP1TdISjKITzdg9OLNrMrNLFI4vDz16PzcVABvVwmh&amp;q=izmir+%C3%A7e%C5%9Fme&amp;rlz=1C1CHZN_enUS964US964&amp;oq=izmir+cesme&amp;gs_lcrp=EgZjaHJvbWUqBwgBEC4YgAQyBggAEEUYOTIHCAEQLhiABDIHCAIQABiABDIHCAMQABiABDIHCAQQABiABDIHCAUQABiABDIHCAYQLhiABDIHCAcQABiABDIHCAgQABiABNIBCTY4MzFqMWoxNagCALACAA&amp;sourceid=chrome&amp;ie=UTF-8\">CESME<\/a><\/p>\n\n\n\n<div style=\"height:1.25rem\" aria-hidden=\"true\" class=\"wp-block-spacer\"><\/div>\n\n\n\n<div class=\"wp-block-buttons is-content-justification-center is-layout-flex wp-container-core-buttons-is-layout-1 wp-block-buttons-is-layout-flex\">\n<div class=\"wp-block-button\"><a class=\"wp-block-button__link wp-element-button\">About us<\/a><\/div>\n<\/div>\n<\/div>\n\n\n\n<div style=\"height:37px\" aria-hidden=\"true\" class=\"wp-block-spacer\"><\/div>\n<\/div>\n\n\n\n<div class=\"wp-block-group alignfull has-base-2-background-color has-background has-global-padding is-layout-constrained wp-container-core-group-is-layout-4 wp-block-group-is-layout-constrained\" style=\"margin-top:0;margin-bottom:0;padding-top:var(--wp--preset--spacing--50);padding-right:var(--wp--preset--spacing--50);padding-bottom:var(--wp--preset--spacing--50);padding-left:var(--wp--preset--spacing--50)\">\n<div class=\"wp-block-group is-vertical is-content-justification-center is-layout-flex wp-container-core-group-is-layout-3 wp-block-group-is-layout-flex\">\n<figure class=\"wp-block-image size-full\"><img loading=\"lazy\" decoding=\"async\" width=\"675\" height=\"390\" src=\"https:\/\/www.izmircesme.com.igbhome.com\/blog\/wp-content\/uploads\/2024\/03\/CESME.jpeg\" alt=\"\" class=\"wp-image-16\" srcset=\"https:\/\/www.izmircesme.com.igbhome.com\/blog\/wp-content\/uploads\/2024\/03\/CESME.jpeg 675w, https:\/\/www.izmircesme.com.igbhome.com\/blog\/wp-content\/uploads\/2024\/03\/CESME-300x173.jpeg 300w\" sizes=\"(max-width: 675px) 100vw, 675px\" \/><\/figure>\n<\/div>\n\n\n\n<div style=\"margin-top:0;margin-bottom:0;height:var(--wp--preset--spacing--40)\" aria-hidden=\"true\" class=\"wp-block-spacer\"><\/div>\n\n\n\n<div class=\"wp-block-columns alignwide is-layout-flex wp-container-core-columns-is-layout-1 wp-block-columns-is-layout-flex\">\n<div class=\"wp-block-column is-layout-flow wp-container-core-column-is-layout-1 wp-block-column-is-layout-flow\">\n<h3 class=\"wp-block-heading has-text-align-left is-style-asterisk has-body-font-family has-medium-font-size\" style=\"font-style:normal;font-weight:600\"><a href=\"https:\/\/www.facebook.com\/DoganKalf\/\" data-type=\"link\" data-id=\"https:\/\/www.facebook.com\/DoganKalf\/\">TAMBAK TEKNE BAKIM<\/a><\/h3>\n\n\n\n<p class=\"has-text-align-left\">Experience the fusion of imagination and expertise with \u00c9tudes Architectural Solutions.<\/p>\n<\/div>\n\n\n\n<div class=\"wp-block-column is-layout-flow wp-container-core-column-is-layout-2 wp-block-column-is-layout-flow\">\n<h3 class=\"wp-block-heading has-text-align-left is-style-asterisk has-body-font-family has-medium-font-size\" style=\"font-style:normal;font-weight:600\"><a href=\"https:\/\/www.facebook.com\/groups\/725240387488175\" data-type=\"link\" data-id=\"https:\/\/www.facebook.com\/groups\/725240387488175\">MARIN OTEL<\/a><\/h3>\n\n\n\n<p class=\"has-text-align-left\">Experience the fusion of imagination and expertise with \u00c9tudes Architectural Solutions.<\/p>\n<\/div>\n\n\n\n<div class=\"wp-block-column is-layout-flow wp-container-core-column-is-layout-3 wp-block-column-is-layout-flow\">\n<h3 class=\"wp-block-heading has-text-align-left is-style-asterisk has-body-font-family has-medium-font-size\" style=\"font-style:normal;font-weight:600\">App Access<\/h3>\n\n\n\n<p class=\"has-text-align-left\">Experience the fusion of imagination and expertise with \u00c9tudes Architectural Solutions.<\/p>\n<\/div>\n<\/div>\n\n\n\n<div style=\"height:var(--wp--preset--spacing--20)\" aria-hidden=\"true\" class=\"wp-block-spacer\"><\/div>\n\n\n\n<div class=\"wp-block-columns alignwide is-layout-flex wp-container-core-columns-is-layout-2 wp-block-columns-is-layout-flex\">\n<div class=\"wp-block-column is-layout-flow wp-container-core-column-is-layout-4 wp-block-column-is-layout-flow\">\n<h3 class=\"wp-block-heading has-text-align-left is-style-asterisk has-body-font-family has-medium-font-size\" style=\"font-style:normal;font-weight:600\">Consulting<\/h3>\n\n\n\n<p class=\"has-text-align-left\">Experience the fusion of imagination and expertise with \u00c9tudes Architectural Solutions.<\/p>\n<\/div>\n\n\n\n<div class=\"wp-block-column is-layout-flow wp-container-core-column-is-layout-5 wp-block-column-is-layout-flow\">\n<h3 class=\"wp-block-heading has-text-align-left is-style-asterisk has-body-font-family has-medium-font-size\" style=\"font-style:normal;font-weight:600\">Project Management<\/h3>\n\n\n\n<p class=\"has-text-align-left\">Experience the fusion of imagination and expertise with \u00c9tudes Architectural Solutions.<\/p>\n<\/div>\n\n\n\n<div class=\"wp-block-column is-layout-flow wp-container-core-column-is-layout-6 wp-block-column-is-layout-flow\">\n<h3 class=\"wp-block-heading has-text-align-left is-style-asterisk has-body-font-family has-medium-font-size\" style=\"font-style:normal;font-weight:600\">Architectural Solutions<\/h3>\n\n\n\n<p class=\"has-text-align-left\">Experience the fusion of imagination and expertise with \u00c9tudes Architectural Solutions.<\/p>\n<\/div>\n<\/div>\n<\/div>\n\n\n\n<div class=\"wp-block-group alignfull has-global-padding is-layout-constrained wp-container-core-group-is-layout-7 wp-block-group-is-layout-constrained\" style=\"margin-top:0;margin-bottom:0;padding-top:var(--wp--preset--spacing--50);padding-right:var(--wp--preset--spacing--50);padding-bottom:var(--wp--preset--spacing--50);padding-left:var(--wp--preset--spacing--50)\">\n<div class=\"wp-block-group alignwide has-global-padding is-layout-constrained wp-container-core-group-is-layout-6 wp-block-group-is-layout-constrained\">\n<div class=\"wp-block-group is-vertical is-content-justification-center is-layout-flex wp-container-core-group-is-layout-5 wp-block-group-is-layout-flex\">\n<h2 class=\"wp-block-heading has-text-align-center is-style-asterisk\">An array of resources<\/h2>\n\n\n\n<p class=\"has-text-align-center\">Our comprehensive suite of professional services caters to a diverse clientele, ranging from homeowners to commercial developers.<\/p>\n<\/div>\n\n\n\n<div style=\"height:var(--wp--preset--spacing--40)\" aria-hidden=\"true\" class=\"wp-block-spacer\"><\/div>\n\n\n\n<div class=\"wp-block-columns alignwide is-layout-flex wp-container-core-columns-is-layout-3 wp-block-columns-is-layout-flex\">\n<div class=\"wp-block-column is-vertically-aligned-center is-layout-flow wp-block-column-is-layout-flow\" style=\"flex-basis:40%\">\n<h3 class=\"wp-block-heading is-style-asterisk\">\u00c9tudes Architect App<\/h3>\n\n\n\n<ul style=\"line-height:1.75\" class=\"is-style-checkmark-list wp-block-list\">\n<li>Collaborate with fellow architects.<\/li>\n\n\n\n<li>Showcase your projects.<\/li>\n\n\n\n<li>Experience the world of architecture.<\/li>\n<\/ul>\n<\/div>\n\n\n\n<div class=\"wp-block-column is-layout-flow wp-block-column-is-layout-flow\" style=\"flex-basis:50%\">\n<figure class=\"wp-block-image size-large is-style-rounded is-style-rounded--97e9be473e5dd7358e7aabc0e46ba3cd\"><img loading=\"lazy\" decoding=\"async\" width=\"1200\" height=\"800\" src=\"https:\/\/www.izmircesme.com.igbhome.com\/blog\/wp-content\/uploads\/2024\/03\/image.webp\" alt=\"Tourist taking photo of a building\" class=\"wp-image-8\" srcset=\"https:\/\/www.izmircesme.com.igbhome.com\/blog\/wp-content\/uploads\/2024\/03\/image.webp 1200w, https:\/\/www.izmircesme.com.igbhome.com\/blog\/wp-content\/uploads\/2024\/03\/image-300x200.webp 300w, https:\/\/www.izmircesme.com.igbhome.com\/blog\/wp-content\/uploads\/2024\/03\/image-1024x683.webp 1024w, https:\/\/www.izmircesme.com.igbhome.com\/blog\/wp-content\/uploads\/2024\/03\/image-768x512.webp 768w\" sizes=\"(max-width: 1200px) 100vw, 1200px\" \/><\/figure>\n<\/div>\n<\/div>\n\n\n\n<div style=\"height:var(--wp--preset--spacing--40)\" aria-hidden=\"true\" class=\"wp-block-spacer\"><\/div>\n\n\n\n<div class=\"wp-block-columns alignwide is-layout-flex wp-container-core-columns-is-layout-4 wp-block-columns-is-layout-flex\">\n<div class=\"wp-block-column is-layout-flow wp-block-column-is-layout-flow\" style=\"flex-basis:50%\">\n<figure class=\"wp-block-image size-large is-style-rounded is-style-rounded--2bfcf5ed2623a586b723613b4a2d307c\"><img loading=\"lazy\" decoding=\"async\" width=\"1200\" height=\"799\" src=\"https:\/\/www.izmircesme.com.igbhome.com\/blog\/wp-content\/uploads\/2024\/03\/image-1.webp\" alt=\"Windows of a building in Nuremberg, Germany\" class=\"wp-image-9\" srcset=\"https:\/\/www.izmircesme.com.igbhome.com\/blog\/wp-content\/uploads\/2024\/03\/image-1.webp 1200w, https:\/\/www.izmircesme.com.igbhome.com\/blog\/wp-content\/uploads\/2024\/03\/image-1-300x200.webp 300w, https:\/\/www.izmircesme.com.igbhome.com\/blog\/wp-content\/uploads\/2024\/03\/image-1-1024x682.webp 1024w, https:\/\/www.izmircesme.com.igbhome.com\/blog\/wp-content\/uploads\/2024\/03\/image-1-768x511.webp 768w\" sizes=\"(max-width: 1200px) 100vw, 1200px\" \/><\/figure>\n<\/div>\n\n\n\n<div class=\"wp-block-column is-vertically-aligned-center is-layout-flow wp-block-column-is-layout-flow\" style=\"flex-basis:40%\">\n<h3 class=\"wp-block-heading is-style-asterisk\">\u00c9tudes Newsletter<\/h3>\n\n\n\n<ul style=\"line-height:1.75\" class=\"is-style-checkmark-list wp-block-list\">\n<li>A world of thought-provoking articles.<\/li>\n\n\n\n<li>Case studies that celebrate architecture.<\/li>\n\n\n\n<li>Exclusive access to design insights.<\/li>\n<\/ul>\n<\/div>\n<\/div>\n<\/div>\n<\/div>\n\n\n\n<div class=\"wp-block-group alignfull has-base-color has-contrast-background-color has-text-color has-background has-global-padding is-layout-constrained wp-container-core-group-is-layout-10 wp-block-group-is-layout-constrained\" style=\"margin-top:0;margin-bottom:0;padding-top:var(--wp--preset--spacing--60);padding-right:var(--wp--preset--spacing--60);padding-bottom:var(--wp--preset--spacing--60);padding-left:var(--wp--preset--spacing--60)\">\n<div class=\"wp-block-group has-global-padding is-layout-constrained wp-block-group-is-layout-constrained\">\n<p class=\"has-text-align-center has-base-color has-text-color has-heading-font-family has-x-large-font-size\" style=\"line-height:1.2\">\n\t\t\t<em>\u201c\u00c9tudes has saved us thousands of hours of work and has unlocked insights we never thought possible.\u201d<\/em>\n\t\t<\/p>\n\n\n\n<div style=\"height:var(--wp--preset--spacing--10)\" aria-hidden=\"true\" class=\"wp-block-spacer\"><\/div>\n\n\n\n<div class=\"wp-block-group is-vertical is-content-justification-center is-nowrap is-layout-flex wp-container-core-group-is-layout-8 wp-block-group-is-layout-flex\">\n\n\n<p class=\"has-text-align-center\" style=\"margin-top:var(--wp--preset--spacing--10);margin-bottom:0\">Annie Steiner<\/p>\n\n\n\n<p class=\"has-text-align-center has-contrast-3-color has-text-color has-small-font-size\" style=\"font-style:normal;font-weight:300\">CEO, Greenprint<\/p>\n<\/div>\n<\/div>\n<\/div>\n\n\n\n<div class=\"wp-block-group alignfull has-global-padding is-layout-constrained wp-container-core-group-is-layout-12 wp-block-group-is-layout-constrained\" style=\"margin-top:0;margin-bottom:0;padding-top:var(--wp--preset--spacing--50);padding-right:var(--wp--preset--spacing--50);padding-bottom:var(--wp--preset--spacing--50);padding-left:var(--wp--preset--spacing--50)\">\n<h2 class=\"wp-block-heading alignwide has-x-large-font-size\" style=\"margin-top:0;margin-bottom:var(--wp--preset--spacing--40);line-height:1\">Watch, Read, Listen<\/h2>\n\n\n\n<div class=\"wp-block-group alignwide has-global-padding is-layout-constrained wp-block-group-is-layout-constrained\">\n<div class=\"wp-block-query alignwide is-layout-flow wp-block-query-is-layout-flow\">\n\n\n<div style=\"height:var(--wp--preset--spacing--30)\" aria-hidden=\"true\" class=\"wp-block-spacer\"><\/div>\n\n\n\n\n<div class=\"wp-block-query-no-results\">\n\n<p>No posts were found.<\/p>\n\n<\/div><\/div>\n<\/div>\n<\/div>\n\n\n\n<div class=\"wp-block-group alignfull has-global-padding is-layout-constrained wp-container-core-group-is-layout-14 wp-block-group-is-layout-constrained\" style=\"margin-top:0;margin-bottom:0;padding-top:var(--wp--preset--spacing--50);padding-right:var(--wp--preset--spacing--50);padding-bottom:var(--wp--preset--spacing--50);padding-left:var(--wp--preset--spacing--50)\">\n<div class=\"wp-block-group alignwide has-base-2-background-color has-background has-global-padding is-layout-constrained wp-container-core-group-is-layout-13 wp-block-group-is-layout-constrained\" style=\"border-radius:16px;padding-top:var(--wp--preset--spacing--40);padding-right:var(--wp--preset--spacing--50);padding-bottom:var(--wp--preset--spacing--40);padding-left:var(--wp--preset--spacing--50)\">\n<div style=\"height:var(--wp--preset--spacing--10)\" aria-hidden=\"true\" class=\"wp-block-spacer\"><\/div>\n\n\n\n<h2 class=\"wp-block-heading has-text-align-center has-x-large-font-size\">Join 900+ subscribers<\/h2>\n\n\n\n<p class=\"has-text-align-center\">Stay in the loop with everything you need to know.<\/p>\n\n\n\n<div class=\"wp-block-buttons is-content-justification-center is-layout-flex wp-container-core-buttons-is-layout-2 wp-block-buttons-is-layout-flex\">\n<div class=\"wp-block-button\"><a class=\"wp-block-button__link wp-element-button\">Sign up<\/a><\/div>\n<\/div>\n\n\n\n<div style=\"height:var(--wp--preset--spacing--10)\" aria-hidden=\"true\" class=\"wp-block-spacer\"><\/div>\n<\/div>\n<\/div>\n","protected":false},"excerpt":{"rendered":"<p>Welcome Cesme to real beauty of Mediterranean blue CESME TAMBAK TEKNE BAKIM Experience the fusion of imagination and expertise with \u00c9tudes Architectural Solutions. MARIN OTEL Experience the fusion of imagination and expertise with \u00c9tudes Architectural Solutions. App Access Experience the fusion of imagination and expertise with \u00c9tudes Architectural Solutions. Consulting Experience the fusion of imagination [&hellip;]<\/p>\n","protected":false},"author":1,"featured_media":0,"parent":0,"menu_order":0,"comment_status":"closed","ping_status":"closed","template":"","meta":{"footnotes":""},"class_list":["post-6","page","type-page","status-publish","hentry"],"_links":{"self":[{"href":"https:\/\/www.izmircesme.com.igbhome.com\/blog\/index.php?rest_route=\/wp\/v2\/pages\/6"}],"collection":[{"href":"https:\/\/www.izmircesme.com.igbhome.com\/blog\/index.php?rest_route=\/wp\/v2\/pages"}],"about":[{"href":"https:\/\/www.izmircesme.com.igbhome.com\/blog\/index.php?rest_route=\/wp\/v2\/types\/page"}],"author":[{"embeddable":true,"href":"https:\/\/www.izmircesme.com.igbhome.com\/blog\/index.php?rest_route=\/wp\/v2\/users\/1"}],"replies":[{"embeddable":true,"href":"https:\/\/www.izmircesme.com.igbhome.com\/blog\/index.php?rest_route=%2Fwp%2Fv2%2Fcomments&post=6"}],"version-history":[{"count":6,"href":"https:\/\/www.izmircesme.com.igbhome.com\/blog\/index.php?rest_route=\/wp\/v2\/pages\/6\/revisions"}],"predecessor-version":[{"id":19,"href":"https:\/\/www.izmircesme.com.igbhome.com\/blog\/index.php?rest_route=\/wp\/v2\/pages\/6\/revisions\/19"}],"wp:attachment":[{"href":"https:\/\/www.izmircesme.com.igbhome.com\/blog\/index.php?rest_route=%2Fwp%2Fv2%2Fmedia&parent=6"}],"curies":[{"name":"wp","href":"https:\/\/api.w.org\/{rel}","templated":true}]}}